{"id":1161,"date":"2019-04-04T11:49:35","date_gmt":"2019-04-04T11:49:35","guid":{"rendered":"http:\/\/ergotagmbh.com\/?page_id=1161"},"modified":"2021-01-18T10:46:56","modified_gmt":"2021-01-18T10:46:56","slug":"datenschutz","status":"publish","type":"page","link":"https:\/\/ergotagmbh.com\/en\/datenschutz\/","title":{"rendered":"Privacy"},"content":{"rendered":"<div class=\"vc_row wpb_row vc_row-fluid vc_custom_1527690588959 vc_row-has-fill\"><div class=\"wpb_column vc_column_container vc_col-sm-12 sc_layouts_column_icons_position_left\"><div class=\"vc_column-inner\"><div class=\"wpb_wrapper\"><div class=\"vc_empty_space\"   style=\"height: 4em\"><span class=\"vc_empty_space_inner\"><\/span><\/div><div id=\"sc_content_2043601377\"\n\t\tclass=\"sc_content sc_content_default sc_float_center p70\"><div class=\"sc_content_container\"><div class=\"wpb_text_column wpb_content_element\" >\n\t\t<div class=\"wpb_wrapper\">\n\t\t\t<p>Data collection, processing purpose and legal basis<\/p>\n<table>\n<tbody>\n<tr>\n<td width=\"307\">Responsible body in terms of data protection law<\/td>\n<td width=\"307\">Ergota GmbH<\/p>\n<p>Tiroler Stra\u00dfe 51<\/p>\n<p>22049 Hamburg<\/p>\n<p>Further information on our company can be found in our legal notice\u00a0<a href=\"https:\/\/www.fondsfinanz.de\/impressum\">Imprint<\/a>\u00a0entnehmen<\/td>\n<\/tr>\n<tr>\n<td width=\"307\">Data protection officer<\/td>\n<td width=\"307\">We have appointed a data protection officer in our company. You can reach them at the following email address:<\/p>\n<p><a href=\"mailto:datenschutz@ergotagmbh.com\">datenschutz@ergotagmbh.com<\/a>.<\/td>\n<\/tr>\n<tr>\n<td width=\"307\">General advice<\/td>\n<td width=\"307\">If there is the possibility of entering personal or business data (email addresses, names, addresses) on the website, the input of these data takes place voluntarily. The use and payment of all offered services is permitted - if and so far technically possible and reasonable - without entering such data or by entering anonymous data or an alias. The use of the contact data published in the imprint or comparable information such as postal addresses, telephone and fax numbers and email addresses by third parties to send information that has not been expressly requested is not permitted. We expressly reserve the right to take legal action against the senders of so-called spam mails who violate this prohibition.<\/td>\n<\/tr>\n<tr>\n<td width=\"307\">Google Adsense<\/p>\n<p>&nbsp;<\/td>\n<td width=\"307\">This website uses Google Adsense, a web advertising service from Google Inc., USA (\u201cGoogle\u201d). Google Adsense uses so-called \u201ccookies\u201d (text files) that are stored on your computer and that enable an analysis of your use of the website. Google Adsense also uses so-called \u201cweb beacons\u201d (small invisible graphics) to collect information. By using the web beacon, simple actions such as visitor traffic on the website can be recorded and collected. The information generated by the cookie and \/ or web beacon about your use of this website (including your IP address) is transmitted to a Google server in the USA and stored there. Google will use this information to evaluate your use of the website with regard to the advertisements, to compile reports on website activity and advertisements for the website operator and to provide other services relating to website activity and internet usage. Google may also transfer this information to third parties if this is required by law or if third parties process this data on behalf of Google. Under no circumstances will Google associate your IP address with other Google data. You can prevent the storage of cookies on your hard drive and the display of web beacons by selecting \u201cdo not accept cookies\u201d in your browser settings (in MS Internet Explorer under \u201cTools&gt; Internet Options&gt; Data Protection&gt; Settings\u201d; in Firefox under \u201cTools&gt; Settings&gt; Privacy&gt; Cookies\u201d); however, we would like to point out that in this case you may not be able to use all functions of this website to their full extent. By using this website, you consent to the processing of the data collected about you by Google in the manner described above and for the purpose stated above.<\/td>\n<\/tr>\n<tr>\n<td width=\"307\">Google Analytics<\/p>\n<p>&nbsp;<\/td>\n<td width=\"307\">This website uses Google Analytics, a web analysis service from Google Inc. (\u201cGoogle\u201d). Google Analytics uses so-called \u201ccookies\u201d, text files that are stored on your computer and that enable your use of the website to be analyzed. The information generated by the cookie about your use of this website (including your IP address) is transmitted to a Google server in the USA and stored there. Google will use this information to evaluate your use of the website, to compile reports on website activity for the website operator and to provide other services relating to website activity and internet usage. Google may also transfer this information to third parties if this is required by law or if third parties process this data on behalf of Google. Under no circumstances will Google associate your IP address with other Google data. You can prevent the installation of cookies by setting your browser software accordingly; however, we would like to point out that in this case you may not be able to use all functions of this website to their full extent. By using this website, you consent to the processing of the data collected about you by Google in the manner described above and for the purpose stated above.<\/td>\n<\/tr>\n<\/tbody>\n<\/table>\n\n\t\t<\/div>\n\t<\/div><\/div><\/div><!-- \/.sc_content --><div class=\"vc_empty_space\"   style=\"height: 4em\"><span class=\"vc_empty_space_inner\"><\/span><\/div><\/div><\/div><\/div><\/div><div class=\"vc_row wpb_row vc_row-fluid vc_custom_1527690597112 vc_row-has-fill\"><\/div>","protected":false},"excerpt":{"rendered":"Datenerhebung, Verarbeitungszweck und Rechtsgrundlage Verantwortliche Stelle iSd Datenschutzrechts Ergota GmbH Tiroler Stra\u00dfe 51 22049 Hamburg Weitere Angaben zu unserem Unternehmen k\u00f6nnen Sie unserem\u00a0Impressum\u00a0entnehmen Datenschutzbeauftragter Wir haben einen Datenschutzbeauftragten in unserem Unternehmen bestellt. Sie erreichen diesen unter folgender E-Mail-Adresse: datenschutz@ergotagmbh.com. Allgemeine Hinweise Sofern innerhalb des Internetangebotes die M\u00f6glichkeit zur Eingabe pers\u00f6nlicher oder gesch\u00e4ftlicher Daten (Emailadressen, Namen, Anschriften) besteht, so erfolgt die&hellip;","protected":false},"author":1,"featured_media":0,"parent":0,"menu_order":0,"comment_status":"closed","ping_status":"closed","template":"","meta":[],"_links":{"self":[{"href":"https:\/\/ergotagmbh.com\/en\/wp-json\/wp\/v2\/pages\/1161"}],"collection":[{"href":"https:\/\/ergotagmbh.com\/en\/wp-json\/wp\/v2\/pages"}],"about":[{"href":"https:\/\/ergotagmbh.com\/en\/wp-json\/wp\/v2\/types\/page"}],"author":[{"embeddable":true,"href":"https:\/\/ergotagmbh.com\/en\/wp-json\/wp\/v2\/users\/1"}],"replies":[{"embeddable":true,"href":"https:\/\/ergotagmbh.com\/en\/wp-json\/wp\/v2\/comments?post=1161"}],"version-history":[{"count":7,"href":"https:\/\/ergotagmbh.com\/en\/wp-json\/wp\/v2\/pages\/1161\/revisions"}],"predecessor-version":[{"id":1368,"href":"https:\/\/ergotagmbh.com\/en\/wp-json\/wp\/v2\/pages\/1161\/revisions\/1368"}],"wp:attachment":[{"href":"https:\/\/ergotagmbh.com\/en\/wp-json\/wp\/v2\/media?parent=1161"}],"curies":[{"name":"wp","href":"https:\/\/api.w.org\/{rel}","templated":true}]}}