{"id":17,"date":"2016-11-03T15:19:05","date_gmt":"2016-11-03T15:19:05","guid":{"rendered":"http:\/\/translogic.dv.themerex.net\/?page_id=17"},"modified":"2021-01-25T15:12:16","modified_gmt":"2021-01-25T15:12:16","slug":"uber-uns","status":"publish","type":"page","link":"https:\/\/ergotagmbh.com\/en\/uber-uns\/","title":{"rendered":"About Us"},"content":{"rendered":"<div data-vc-full-width=\"true\" data-vc-full-width-init=\"false\" class=\"vc_row wpb_row vc_row-fluid vc_custom_1478525086569 vc_row-has-fill\"><div class=\"wpb_column vc_column_container vc_col-sm-12 sc_layouts_column_icons_position_left\"><div class=\"vc_column-inner\"><div class=\"wpb_wrapper\"><div class=\"vc_empty_space\"   style=\"height: 6.6em\"><span class=\"vc_empty_space_inner\"><\/span><\/div><div  id=\"sc_promo_1124645747\" \n\tclass=\"sc_promo sc_promo_default sc_promo_size_small sc_promo_image_position_right\"><div class=\"sc_promo_image\" style=\"background-image:url(https:\/\/ergotagmbh.com\/wp-content\/uploads\/2021\/01\/WhatsApp-Image-2021-01-11-at-6.08.51-PM.jpeg.png);width:50%;right: 0;\"><\/div><div class=\"sc_promo_text\" style=\"width: 50%;float: left;\">\n\t\t\t<div class=\"sc_promo_text_inner\" style=\"\"><h6 class=\"sc_item_subtitle sc_promo_subtitle sc_align_default sc_item_title_style_default\">Hamburg<\/h6><h2 class=\"sc_item_title sc_promo_title sc_align_default sc_item_title_style_default\">ERGOTA Dienstleistungs GmbH<\/h2><div class=\"sc_item_descr sc_promo_descr sc_align_default\"><strong>Do you need logistics advice for your national and international shipments?<\/p>\n<p>We are happy to help you with knowledge and expertise!<\/strong><\/p>\n<p>Use our contact form and let us know your concern. A responsible contact person will contact you at short notice.<\/p>\n<p>Inquiries about shipments, please stating details of the sender, recipient and address.<\/div><\/div>\n\t\t<\/div><!-- \/.sc_promo_text --><\/div><!-- \/.sc_promo --><\/div><\/div><\/div><\/div><div class=\"vc_row-full-width vc_clearfix\"><\/div><div class=\"vc_row wpb_row vc_row-fluid\"><div class=\"wpb_column vc_column_container vc_col-sm-12 sc_layouts_column_icons_position_left\"><div class=\"vc_column-inner\"><div class=\"wpb_wrapper\"><div class=\"vc_separator wpb_content_element vc_separator_align_center vc_sep_width_100 vc_sep_border_width_2 vc_sep_pos_align_center vc_sep_color_sandy_brown vc_separator-has-text\" ><span class=\"vc_sep_holder vc_sep_holder_l\"><span  class=\"vc_sep_line\"><\/span><\/span><h4>About Us<\/h4><span class=\"vc_sep_holder vc_sep_holder_r\"><span  class=\"vc_sep_line\"><\/span><\/span>\n<\/div>\n\t<div class=\"wpb_text_column wpb_content_element  vc_custom_1611587414114\" >\n\t\t<div class=\"wpb_wrapper\">\n\t\t\t<p><span style=\"font-family: Humanst521 BT, sans-serif;\"><span style=\"font-size: medium;\"><span style=\"color: #1d1d1b;\">Die ERGOTA Dienstleistungs GmbH ist seit ihrer Firmengr\u00fcndung im Jahr 2000 als nunmehr mittelst\u00e4ndisches und inhabergef\u00fchrtes Unternehmen in der Logistikbranche mit Sitz in Hamburg t\u00e4tig.<\/span><\/span><\/span><\/p>\n<p><span style=\"font-family: Humanst521 BT, sans-serif;\"><span style=\"font-size: medium;\">A large number of business partners trust our know-how. Our professional commitment is rounded off by an innovative and familiar corporate culture. Reliability, flexibility and an individual service portfolio are your guarantee for logistical success.<\/span><\/span><\/p>\n\n\t\t<\/div>\n\t<\/div>\n<div class=\"vc_empty_space  height_small\"   style=\"height: 60px\"><span class=\"vc_empty_space_inner\"><\/span><\/div><div  id=\"sc_promo_739986162\" \n\tclass=\"sc_promo sc_promo_default sc_promo_size_large sc_promo_image_position_left\"><div class=\"sc_promo_image\" style=\"background-image:url(https:\/\/ergotagmbh.com\/wp-content\/uploads\/2020\/10\/Crafter-Transporter2.png);width:50%;left: 0;\"><\/div><div class=\"sc_promo_text\" style=\"width: 50%;float: right;\">\n\t\t\t<div class=\"sc_promo_text_inner\" style=\"\"><div class=\"sc_promo_content sc_item_content\">\n\t<div class=\"wpb_text_column wpb_content_element\" >\n\t\t<div class=\"wpb_wrapper\">\n\t\t\t<p><strong><span style=\"font-family: Humanst521 BT, sans-serif;\"><span style=\"font-size: medium;\">Our service promise<\/span><\/span><\/strong><\/p>\n<p><span style=\"font-family: Humanst521 BT, sans-serif;\"><span style=\"font-size: medium;\">\u2714 Individual and tailor-made services<\/span><\/span><\/p>\n<p><span style=\"font-family: Humanst521 BT, sans-serif;\"><span style=\"font-size: medium;\">\u2714 Innovative and economically well thought-out solutions.<\/span><\/span><\/p>\n<p><span style=\"font-family: Humanst521 BT, sans-serif;\"><span style=\"font-size: medium;\">\u2714 High customer satisfaction through maximum quality of advice.<\/span><\/span><\/p>\n<p><span style=\"font-family: Humanst521 BT, sans-serif;\"><span style=\"font-size: medium;\">\u2714 Quick decisions through flat hierarchies.<\/span><\/span><\/p>\n\n\t\t<\/div>\n\t<\/div>\n<\/div><\/div>\n\t\t<\/div><!-- \/.sc_promo_text --><\/div><!-- \/.sc_promo --><div class=\"vc_empty_space  height_small\"   style=\"height: 60px\"><span class=\"vc_empty_space_inner\"><\/span><\/div><\/div><\/div><\/div><\/div><div data-vc-full-width=\"true\" data-vc-full-width-init=\"false\" class=\"vc_row wpb_row vc_row-fluid vc_custom_1602468918583 vc_row-has-fill\"><div class=\"wpb_column vc_column_container vc_col-sm-12 sc_layouts_column_icons_position_left\"><div class=\"vc_column-inner\"><div class=\"wpb_wrapper\"><div class=\"vc_empty_space\"   style=\"height: 3em\"><span class=\"vc_empty_space_inner\"><\/span><\/div><div id=\"sc_skills_1890143488\"\n\t\tclass=\"sc_skills sc_skills_counter\"\n\t\t\t\tdata-type=\"counter\"\n\t\t><div class=\"sc_skills_columns sc_item_columns trx_addons_columns_wrap columns_padding_bottom\"><div class=\"sc_skills_column trx_addons_column-1_4\"><div class=\"sc_skills_item_wrap\"><div class=\"sc_skills_item\"><div class=\"sc_skills_icon icon-1\"><\/div><div class=\"sc_skills_total\" data-start=\"0\" data-stop=\"65328\" data-step=\"1\" data-max=\"100\" data-speed=\"24\" data-duration=\"1567872\" data-ed=\"\">0<\/div><\/div><div class=\"sc_skills_item_title\">TRANSPORT<\/div><\/div><\/div><div class=\"sc_skills_column trx_addons_column-1_4\"><div class=\"sc_skills_item_wrap\"><div class=\"sc_skills_item\"><div class=\"sc_skills_icon icon-2\"><\/div><div class=\"sc_skills_total\" data-start=\"0\" data-stop=\"380\" data-step=\"1\" data-max=\"100\" data-speed=\"33\" data-duration=\"12540\" data-ed=\"\">0<\/div><\/div><div class=\"sc_skills_item_title\">EMPLOYEE<\/div><\/div><\/div><div class=\"sc_skills_column trx_addons_column-1_4\"><div class=\"sc_skills_item_wrap\"><div class=\"sc_skills_item\"><div class=\"sc_skills_icon icon-sphere\"><\/div><div class=\"sc_skills_total\" data-start=\"0\" data-stop=\"5\" data-step=\"1\" data-max=\"100\" data-speed=\"21\" data-duration=\"105\" data-ed=\"\">0<\/div><\/div><div class=\"sc_skills_item_title\">Branches<\/div><\/div><\/div><div class=\"sc_skills_column trx_addons_column-1_4\"><div class=\"sc_skills_item_wrap\"><div class=\"sc_skills_item\"><div class=\"sc_skills_icon icon-3\"><\/div><div class=\"sc_skills_total\" data-start=\"0\" data-stop=\"34000\" data-step=\"1\" data-max=\"100\" data-speed=\"13\" data-duration=\"442000\" data-ed=\"\">0<\/div><\/div><div class=\"sc_skills_item_title\">SATISFIED COSTUMERS<\/div><\/div><\/div><\/div><\/div><div class=\"vc_empty_space  height_small\"   style=\"height: 32px\"><span class=\"vc_empty_space_inner\"><\/span><\/div><\/div><\/div><\/div><\/div><div class=\"vc_row-full-width vc_clearfix\"><\/div>","protected":false},"excerpt":{"rendered":"HamburgERGOTA Dienstleistungs GmbHSie ben\u00f6tigen eine Logistikberatung f\u00fcr ihre nationalen und internationalen Sendungen? Wir helfen Ihnen gerne mit Sachverstand und Expertise! Nutzen Sie unser Kontaktformular und benennen Sie uns ihr Anliegen. Ein zust\u00e4ndiger Ansprechpartner wird Sie kurzfristig kontaktieren. Anfragen zu Sendungen bitte unter Angabe von Daten zum Versender, Empf\u00e4nger sowie Anschrift. \u00dcber uns Die ERGOTA Dienstleistungs GmbH ist seit ihrer Firmengr\u00fcndung&hellip;","protected":false},"author":1,"featured_media":0,"parent":0,"menu_order":0,"comment_status":"closed","ping_status":"closed","template":"","meta":[],"_links":{"self":[{"href":"https:\/\/ergotagmbh.com\/en\/wp-json\/wp\/v2\/pages\/17"}],"collection":[{"href":"https:\/\/ergotagmbh.com\/en\/wp-json\/wp\/v2\/pages"}],"about":[{"href":"https:\/\/ergotagmbh.com\/en\/wp-json\/wp\/v2\/types\/page"}],"author":[{"embeddable":true,"href":"https:\/\/ergotagmbh.com\/en\/wp-json\/wp\/v2\/users\/1"}],"replies":[{"embeddable":true,"href":"https:\/\/ergotagmbh.com\/en\/wp-json\/wp\/v2\/comments?post=17"}],"version-history":[{"count":22,"href":"https:\/\/ergotagmbh.com\/en\/wp-json\/wp\/v2\/pages\/17\/revisions"}],"predecessor-version":[{"id":1471,"href":"https:\/\/ergotagmbh.com\/en\/wp-json\/wp\/v2\/pages\/17\/revisions\/1471"}],"wp:attachment":[{"href":"https:\/\/ergotagmbh.com\/en\/wp-json\/wp\/v2\/media?parent=17"}],"curies":[{"name":"wp","href":"https:\/\/api.w.org\/{rel}","templated":true}]}}